{"id":51,"date":"2023-08-23T21:15:19","date_gmt":"2023-08-23T19:15:19","guid":{"rendered":"https:\/\/entreterreetcielgannat.fr\/?page_id=51"},"modified":"2025-09-16T13:26:47","modified_gmt":"2025-09-16T11:26:47","slug":"contacts-et-inscription","status":"publish","type":"page","link":"https:\/\/entreterreetcielgannat.fr\/index.php\/contacts-et-inscription\/","title":{"rendered":"Contacts &#8211; Inscription &#8211; Informations sur les cours et autres &#8230;"},"content":{"rendered":"\n<p><\/p>\n\n\n\n<p class=\"has-luminous-vivid-orange-color has-text-color has-link-color wp-elements-faf887b9a6d2162a1e48035af5350380\">La reprise des cours est le<strong> lundi 08 SEPTEMBRE 202<\/strong>5<\/p>\n\n\n\n<p>L&rsquo;assembl\u00e9e g\u00e9n\u00e9rale sera le lundi 05janvier (nous recherchons un, une administrateur pour notre site)<\/p>\n\n\n\n<p><\/p>\n\n\n\n<p><strong>Contacts \/ Renseignements :<\/strong><\/p>\n\n\n\n<p class=\"has-luminous-vivid-orange-color has-text-color has-link-color wp-elements-4a8b107ba93e06aa5fa23c496fc10a3e\"><\/p>\n\n\n\n<p>Jean &#8211; louis De la Hermosa <strong>04 70 56 52 58 \/ 07 80 01 22 26 &#8211;<\/strong><\/p>\n\n\n\n<p>Michel Wangwah <strong>06 03 49 79 25<\/strong><\/p>\n\n\n\n<p><strong><br>Lieu des cours :<br>Salle Espace Croix des Rameaux, 20 Rue Croix des Rameaux \u00e0 Gannat. (Portail m\u00e9tallique \u00e0 gauche de l\u2019Ecole de musique)<\/strong><\/p>\n\n\n\n<p> Cliquer sur le lien pour visualiser le plan<\/p>\n\n\n\n<div class=\"wp-block-buttons is-layout-flex wp-block-buttons-is-layout-flex\">\n<div class=\"wp-block-button is-style-outline is-style-outline--1\"><a class=\"wp-block-button__link wp-element-button\" href=\"https:\/\/entreterreetcielgannat.fr\/wp-content\/uploads\/2023\/08\/Plan-dacces-salle.pdf\">Espace Croix des Rameaux<\/a><\/div>\n<\/div>\n\n\n\n<p class=\"has-medium-font-size\"><strong>Le montant des cotisations pour 2025-2026 :<br><\/strong>La cotisation couvre votre adh\u00e9sion \u00e0 notre f\u00e9d\u00e9ration FMIPTC, ainsi q&rsquo;une assurance en responsabilit\u00e9 civile pour les adh\u00e9rents et en responsabilit\u00e9 associative pour les membres du bureau, ainsi que pour les salles (d\u00e9g\u00e2ts caus\u00e9s par les adh\u00e9rents en cours).<br>Elle propose un livre p\u00e9riodique en lecture informatique disponible sur le site FMIPTC. La FMIPTC propose diff\u00e9rentes formations accessibles aux personnes adh\u00e9r\u00e9es : TCC, QG tao\u00efstes, \u00e9p\u00e9e, etc.<br>https:\/\/www.fmiptc.com\/ <br>Certaines rubriques demandent un mot de passe :Merci de nous le r\u00e9clamer si besoin lors d&rsquo;un cours.<\/p>\n\n\n\n<p class=\"has-medium-font-size\" style=\"font-style:normal;font-weight:600\"><br>Cotisation pour l&rsquo;ann\u00e9e &#8211; R\u00e8glement exig\u00e9 apr\u00e8s les 2 cours d&rsquo;essai.<\/p>\n\n\n\n<p class=\"has-medium-font-size\" style=\"font-style:normal;font-weight:600\"><\/p>\n\n\n\n<ul class=\"wp-block-list\">\n<li class=\"has-medium-font-size\">M\u00eame cotisation pour le TCC ou le Qi Gong.<\/li>\n\n\n\n<li class=\"has-medium-font-size\">1 cours\/semaine : 125\u20ac<\/li>\n\n\n\n<li class=\"has-medium-font-size\">2 cours\/semaine : 155 \u20ac<\/li>\n\n\n\n<li class=\"has-medium-font-size\">3 cours\/semaine : 165 \u20ac<\/li>\n\n\n\n<li class=\"has-medium-font-size\">4 cours\/semaine : Ce cours est gratuit pour ceux qui participent aux 3 cours.<br><\/li>\n\n\n\n<li class=\"has-medium-font-size\">Tarifs sp\u00e9ciaux : <strong>&nbsp;<\/strong>Couple -10% \/ \u00c9tudiants et ch\u00f4meurs -10%.<\/li>\n\n\n\n<li class=\"has-medium-font-size\">Note : Il est permis de participer \u00e0 un autre cours en cas d&rsquo;absence.<\/li>\n<\/ul>\n\n\n\n<p class=\"has-medium-font-size\"><strong>Informations sur les cours r\u00e9alis\u00e9s en semaine<\/strong><\/p>\n\n\n\n<p>Note : le contenu des cours est revu chaque ann\u00e9e.<br><strong>4 cours sont propos\u00e9s chaque semaine<\/strong>. 2 cours de Qi Gong et 2 cours de Tai Chi Chuan. <strong>Chacun des cours est diff\u00e9rent<\/strong>, il est bon d&rsquo;essayer avant inscription, pour d\u00e9finir celui qui vous convient le mieux.<br>A titre d&rsquo;information, voici brievement leur contenu.<br>&#8211; <strong>Cours du lundi soir pour Tai Chi Chuan<\/strong> 18H45 \u00e0 20H15 : Echauffement par exercices taoistes (Qi Gong Structurel), puis la pratique du TCC. L&rsquo;aspect \u00e9tude des mouvements, respiration, martialit\u00e9, pratique \u00e0 deux sont r\u00e9alis\u00e9s. Ce cours est orient\u00e9 pour l&rsquo;\u00e9tude Tai Chi en vue d&rsquo;am\u00e9liorer les \u00e9l\u00e9ments structurels du corps pour chacun des mouvements. 5 mois pour la premi\u00e8re et 5 mois pour la deuxi\u00e8me partie.<br>&#8211; <strong>Cours du jeudi soir pour Tai Chi Chuan<\/strong> 19H20 \u00e0 20H20 : Pratique du TCC. L&rsquo;aspect \u00e9tude des mouvements, respiration, martialit\u00e9, pratique \u00e0 deux sont r\u00e9alis\u00e9s. Ce cours est orient\u00e9 pour l&rsquo;\u00e9tude Tai Chi en vue d&rsquo;am\u00e9liorer la m\u00e9morisation du sch\u00e9ma des parties de la forme et la compr\u00e9hension plus d\u00e9taill\u00e9e de chacun des mouvements. 5 mois pour la premi\u00e8re et 5 mois pour la troisi\u00e8me partie. Note : Pas d&rsquo;\u00e9chauffement pour cette partie.<br>&#8211; <strong>Cours du mercredi matin pour Le Zhi Neng Qi Gong :<\/strong> 10H00 \u00e0 11H25 : Automassage tao\u00efstes, m\u00e9ditation pour d\u00e9velopper le champ de Qi, Pratiques de plusieurs exercices des diff\u00e9rents Zhi Neng Qi Gong, ou d&rsquo;autres issus de diff\u00e9rentes familles de Qi Gong (Wu Dang, Dao yin yang Shen Gong, Ba Duan Jin. Sons de gu\u00e9rison. marches, posture statiques, respirations, etc. Note : Le Zhi Neng Qi Gong est un Qi Gong tr\u00e8s efficace, tr\u00e8s pratiqu\u00e9 dans le monde entier et plusieurs experts l&rsquo;enseigenent. On l&rsquo;appelle le Qi Gong de l&rsquo;intelligence.<br>&#8211; <strong>Cours du jeudi soir pour Le Qi gong :<\/strong> 18H15 \u00e0 19H15 : Automassage tao\u00efstes, m\u00e9ditation pour d\u00e9velopper le champ de Qi, Pratiques de plusieurs exercices de diff\u00e9rents Qi Gong issus de diff\u00e9rents familles de Qi Gong (Wu Dang, Dao yin yang Shen Gong, Ba Duan Jin. Sons de gu\u00e9rison, Zhi Neng Qi Gong. Sons de gu\u00e9rison. marches, posture statiques, respirations, etc. Ce cours est orient\u00e9 pour renforcer les \u00e9nergies des organes sollicit\u00e9s pendant la saison en cours.<\/p>\n\n\n\n<p class=\"has-medium-font-size\"><strong>Stages en week end<\/strong> sur Gannat (4H le samedi ou le dimanche), simplement si le nombre de demandeurs est suffisant<\/p>\n\n\n\n<p>Stage : 10&nbsp;\u20ac&nbsp;pour personnes inscrites au club &#8211; 15&nbsp;\u20ac&nbsp;pour les personnes ext\u00e9rieures<\/p>\n\n\n\n<p class=\"has-medium-font-size\"><strong>Papiers \u00e0 fournir ou \u00e0 lire pour votre inscription<\/strong><\/p>\n\n\n\n<p>1- <strong>Fiche d&rsquo;inscription<\/strong><\/p>\n\n\n\n<div data-wp-interactive=\"core\/file\" class=\"wp-block-file\"><object data-wp-bind--hidden=\"!state.hasPdfPreview\" hidden class=\"wp-block-file__embed\" data=\"https:\/\/entreterreetcielgannat.fr\/wp-content\/uploads\/2025\/09\/fiche-inscription-pdf.pdf\" type=\"application\/pdf\" style=\"width:100%;height:600px\" aria-label=\"Contenu embarqu\u00e9 fiche inscription pdf.\"><\/object><a id=\"wp-block-file--media-5a0dc288-cf33-46e5-82f6-c130b4f32b57\" href=\"https:\/\/entreterreetcielgannat.fr\/wp-content\/uploads\/2025\/09\/fiche-inscription-pdf.pdf\">fiche inscription pdf<\/a><a href=\"https:\/\/entreterreetcielgannat.fr\/wp-content\/uploads\/2025\/09\/fiche-inscription-pdf.pdf\" class=\"wp-block-file__button wp-element-button\" download aria-describedby=\"wp-block-file--media-5a0dc288-cf33-46e5-82f6-c130b4f32b57\">T\u00e9l\u00e9charger<\/a><\/div>\n\n\n\n<p>2- <strong>R\u00e8glement int\u00e9rieur : pour consultation cliquer sur le lien <\/strong><\/p>\n\n\n\n<p><a href=\"https:\/\/entreterreetcielgannat.fr\/wp-content\/uploads\/2024\/09\/Reglement_interieur_Taichi_24-25-2.pdf\">Reglement_interieur_Taichi_24-25 2<\/a><\/p>\n\n\n\n<p>3- <strong>Questionnaire m\u00e9dical<\/strong><\/p>\n\n\n\n<p><\/p>\n\n\n\n<p> <a href=\"https:\/\/entreterreetcielgannat.fr\/wp-content\/uploads\/2024\/09\/cerfa_15695-01.pdf\">cerfa_15695-01<\/a><\/p>\n\n\n\n<p class=\"has-medium-font-size\"><strong>Sources de nos entrainements<\/strong><\/p>\n\n\n\n<p><strong>Pour le Tai Chi Chuan \/ Style Yang Traditionnel 108 mouvements<\/strong><\/p>\n\n\n\n<p>Notre f\u00e9d\u00e9ration :&nbsp;&nbsp;<a href=\"http:\/\/www.fmiptc.com\/\" target=\"_blank\" rel=\"noreferrer noopener\">http:\/\/www.fmiptc.com\/<\/a>\u200c<br>Jean-Louis pratique le TCC depuis 2001, avec L&rsquo;ITCCA de Riom Jean-Pierre DUFAURE, puis avec Denis FELUS (FMIPTC) depuis 2004. Il est rattach\u00e9 \u00e0 l&rsquo;\u00e9cole EFPM de notre f\u00e9d\u00e9ration FMIPTC depuis 2006.<br><a href=\"http:\/\/www.efpm-form.com\/equipe.htm\" target=\"_blank\" rel=\"noreferrer noopener\">http:\/\/www.efpm-form.com\/equipe.htm<\/a>&nbsp;<br>L&rsquo;enseignant de l&rsquo;EFPM (niveau avanc\u00e9) est M. Denis FELUS (docteur en m\u00e9decine et acupuncteur). Denis a \u00e9t\u00e9 l&rsquo;\u00e9l\u00e8ve de Maitre Chu King Hung pendant 14 ans)\u200c.<br><a href=\"http:\/\/www.fmiptc.com\/?page_id=103\" target=\"_blank\" rel=\"noreferrer noopener\">http:\/\/www.fmiptc.com\/?page_id=103<\/a>&nbsp;<br>A propos de Mtre Chu King Hung, voici quelques liens sur lui.<br><a href=\"http:\/\/www.itcca.com\/fr\/original-yang-style\/master-chu-king-hung\" target=\"_blank\" rel=\"noreferrer noopener\">http:\/\/www.itcca.com\/fr\/original-yang-style\/master-chu-king-hung<\/a>\u200c<br><a href=\"http:\/\/www.youtube.com\/watch?v=4yv34VZGeqs\" target=\"_blank\" rel=\"noreferrer noopener\">http:\/\/www.youtube.com\/watch?v=4yv34VZGeqs<\/a>\u200c<br><a href=\"http:\/\/www.youtube.com\/watch?v=6tsEfsabFbc\" target=\"_blank\" rel=\"noreferrer noopener\">http:\/\/www.youtube.com\/watch?v=6tsEfsabFbc<\/a><br>Note : Denis FELUS dit que Mtre Chu King Hung est un virtuose.<\/p>\n\n\n\n<p><strong>Pour le Qi Gong<\/strong><\/p>\n\n\n\n<p>Voir la page du parcours de formation de L&rsquo;enseignant.<br>Les principaux exercices utilis\u00e9s dans les cours sont issus des diverses formations que l&rsquo;enseignant a suivies et\/ou valid\u00e9es dans les \u00e9coles ou formations pr\u00e8s de ma\u00eetres experts, notamment les derniers, tel que Denis FELUS, Mantak Chia, Zhou Jing Hong, Zhan WENCHUN.<br>L&rsquo;enseignant suit depuis 2018 le ma\u00eetre Zhan WENCHUN pour le Zhi Neng QI Gong. Cette science de plusieurs Qi Gong est tr\u00e8s \u00e9labor\u00e9e, et est \u00e9troitement li\u00e9e \u00e0 la m\u00e9decine chinoise. <br>Elle a \u00e9t\u00e9 cr\u00e9e et mise au point par Me Pang He Ming dans les ann\u00e9es 1980. Les exercices r\u00e9alis\u00e9s dans chacune des m\u00e9thodes sont issus d&rsquo;exercices de Qi Gong les plus efficaces. <br>De nombreux experts de ZNQG dans le monde existent, notamment Me Zhou Jing Hong qui est sur Paris. Me Wei Qi Feng et Wenchun ZHAN viennent r\u00e9guli\u00e8rement en France. Beaucoup de clubs en France pratiquent le Zhi Neng Qi Gong.<\/p>\n\n\n\n<p>Quelques liens int\u00e9ressants :<br>&#8211; Me Mantak Chia : <br><a href=\"https:\/\/www.universaltaofrance.com\/\">https:\/\/www.universaltaofrance.com\/  <\/a><br>&#8211; Me  Zhou Jing Hong<br><a href=\"https:\/\/znqg.fr\/maitre-zhou-jing-hong\/\">https:\/\/znqg.fr\/maitre-zhou-jing-hong\/<\/a><br><a href=\"https:\/\/znqg.fr\/znqg\/\">ZNQG &#8211; ZNQG<\/a><br>&#8211; Me Zhan Wenchun<br><a href=\"https:\/\/qigong-montreal.com\/speaker\/dr-zhang-wen-chun\/#:~:text=M.%20Zhang%20Wenchun%20dispose%20d%E2%80%99une%20longue\">Dr. Zhang Wen Chun \u2013 Le Colloque (qigong-montreal.com)<\/a><br><a href=\"https:\/\/chengxin.fr\/enseignement-theorique-et-pratique-du-pr-zhang-wenchun\/#:~:text=ENSEIGNEMENT%20THEORIQUE%20ET%20PRATIQUE.%20Qi%20Gong\">Enseignement th\u00e9orique et Pratique du Pr Zhang Wenchun &#8211; Ch\u00e9ng X\u00ecn (chengxin.fr)<\/a><br><\/p>\n\n\n\n<p><\/p>\n\n\n\n<p><\/p>\n\n\n\n<p><\/p>\n\n\n\n<p><\/p>\n","protected":false},"excerpt":{"rendered":"<p>La reprise des cours est le lundi 08 SEPTEMBRE 2025 L&rsquo;assembl\u00e9e g\u00e9n\u00e9rale sera le lundi 05janvier (nous recherchons un, une administrateur pour notre site) Contacts \/ Renseignements : Jean &#8211; louis De la Hermosa 04 70 56 52 58 \/ 07 80 01 22 26 &#8211; Michel Wangwah 06 03 49 79 25 Lieu des [&hellip;]<\/p>\n","protected":false},"author":1,"featured_media":0,"parent":0,"menu_order":0,"comment_status":"closed","ping_status":"closed","template":"","meta":{"footnotes":""},"class_list":["post-51","page","type-page","status-publish","hentry"],"yoast_head":"<!-- This site is optimized with the Yoast SEO plugin v27.3 - https:\/\/yoast.com\/product\/yoast-seo-wordpress\/ -->\n<title>Contacts - Inscription - Informations sur les cours et autres ... - ENTRE TERRE ET CIEL GANNAT<\/title>\n<meta name=\"robots\" content=\"index, follow, max-snippet:-1, max-image-preview:large, max-video-preview:-1\" \/>\n<link rel=\"canonical\" href=\"https:\/\/entreterreetcielgannat.fr\/index.php\/contacts-et-inscription\/\" \/>\n<meta property=\"og:locale\" content=\"fr_FR\" \/>\n<meta property=\"og:type\" content=\"article\" \/>\n<meta property=\"og:title\" content=\"Contacts - Inscription - Informations sur les cours et autres ... - ENTRE TERRE ET CIEL GANNAT\" \/>\n<meta property=\"og:description\" content=\"La reprise des cours est le lundi 08 SEPTEMBRE 2025 L&rsquo;assembl\u00e9e g\u00e9n\u00e9rale sera le lundi 05janvier (nous recherchons un, une administrateur pour notre site) Contacts \/ Renseignements : Jean &#8211; louis De la Hermosa 04 70 56 52 58 \/ 07 80 01 22 26 &#8211; Michel Wangwah 06 03 49 79 25 Lieu des [&hellip;]\" \/>\n<meta property=\"og:url\" content=\"https:\/\/entreterreetcielgannat.fr\/index.php\/contacts-et-inscription\/\" \/>\n<meta property=\"og:site_name\" content=\"ENTRE TERRE ET CIEL GANNAT\" \/>\n<meta property=\"article:modified_time\" content=\"2025-09-16T11:26:47+00:00\" \/>\n<meta name=\"twitter:card\" content=\"summary_large_image\" \/>\n<meta name=\"twitter:label1\" content=\"Dur\u00e9e de lecture estim\u00e9e\" \/>\n\t<meta name=\"twitter:data1\" content=\"5 minutes\" \/>\n<script type=\"application\/ld+json\" class=\"yoast-schema-graph\">{\"@context\":\"https:\\\/\\\/schema.org\",\"@graph\":[{\"@type\":\"WebPage\",\"@id\":\"https:\\\/\\\/entreterreetcielgannat.fr\\\/index.php\\\/contacts-et-inscription\\\/\",\"url\":\"https:\\\/\\\/entreterreetcielgannat.fr\\\/index.php\\\/contacts-et-inscription\\\/\",\"name\":\"Contacts - Inscription - Informations sur les cours et autres ... - ENTRE TERRE ET CIEL GANNAT\",\"isPartOf\":{\"@id\":\"https:\\\/\\\/entreterreetcielgannat.fr\\\/#website\"},\"datePublished\":\"2023-08-23T19:15:19+00:00\",\"dateModified\":\"2025-09-16T11:26:47+00:00\",\"breadcrumb\":{\"@id\":\"https:\\\/\\\/entreterreetcielgannat.fr\\\/index.php\\\/contacts-et-inscription\\\/#breadcrumb\"},\"inLanguage\":\"fr-FR\",\"potentialAction\":[{\"@type\":\"ReadAction\",\"target\":[\"https:\\\/\\\/entreterreetcielgannat.fr\\\/index.php\\\/contacts-et-inscription\\\/\"]}]},{\"@type\":\"BreadcrumbList\",\"@id\":\"https:\\\/\\\/entreterreetcielgannat.fr\\\/index.php\\\/contacts-et-inscription\\\/#breadcrumb\",\"itemListElement\":[{\"@type\":\"ListItem\",\"position\":1,\"name\":\"Accueil\",\"item\":\"https:\\\/\\\/entreterreetcielgannat.fr\\\/\"},{\"@type\":\"ListItem\",\"position\":2,\"name\":\"Contacts &#8211; Inscription &#8211; Informations sur les cours et autres &#8230;\"}]},{\"@type\":\"WebSite\",\"@id\":\"https:\\\/\\\/entreterreetcielgannat.fr\\\/#website\",\"url\":\"https:\\\/\\\/entreterreetcielgannat.fr\\\/\",\"name\":\"entreterreetcielgannat.fr\",\"description\":\"Pratique du Qi Gong et du Tai Chi pour un mieux \u00eatre\",\"publisher\":{\"@id\":\"https:\\\/\\\/entreterreetcielgannat.fr\\\/#organization\"},\"potentialAction\":[{\"@type\":\"SearchAction\",\"target\":{\"@type\":\"EntryPoint\",\"urlTemplate\":\"https:\\\/\\\/entreterreetcielgannat.fr\\\/?s={search_term_string}\"},\"query-input\":{\"@type\":\"PropertyValueSpecification\",\"valueRequired\":true,\"valueName\":\"search_term_string\"}}],\"inLanguage\":\"fr-FR\"},{\"@type\":\"Organization\",\"@id\":\"https:\\\/\\\/entreterreetcielgannat.fr\\\/#organization\",\"name\":\"Entre terre et ciel\",\"url\":\"https:\\\/\\\/entreterreetcielgannat.fr\\\/\",\"logo\":{\"@type\":\"ImageObject\",\"inLanguage\":\"fr-FR\",\"@id\":\"https:\\\/\\\/entreterreetcielgannat.fr\\\/#\\\/schema\\\/logo\\\/image\\\/\",\"url\":\"http:\\\/\\\/entreterreetcielgannat.fr\\\/wp-content\\\/uploads\\\/2023\\\/09\\\/Capture-decran-2023-09-16-a-16.53.19.png\",\"contentUrl\":\"http:\\\/\\\/entreterreetcielgannat.fr\\\/wp-content\\\/uploads\\\/2023\\\/09\\\/Capture-decran-2023-09-16-a-16.53.19.png\",\"width\":418,\"height\":358,\"caption\":\"Entre terre et ciel\"},\"image\":{\"@id\":\"https:\\\/\\\/entreterreetcielgannat.fr\\\/#\\\/schema\\\/logo\\\/image\\\/\"}}]}<\/script>\n<!-- \/ Yoast SEO plugin. -->","yoast_head_json":{"title":"Contacts - Inscription - Informations sur les cours et autres ... - ENTRE TERRE ET CIEL GANNAT","robots":{"index":"index","follow":"follow","max-snippet":"max-snippet:-1","max-image-preview":"max-image-preview:large","max-video-preview":"max-video-preview:-1"},"canonical":"https:\/\/entreterreetcielgannat.fr\/index.php\/contacts-et-inscription\/","og_locale":"fr_FR","og_type":"article","og_title":"Contacts - Inscription - Informations sur les cours et autres ... - ENTRE TERRE ET CIEL GANNAT","og_description":"La reprise des cours est le lundi 08 SEPTEMBRE 2025 L&rsquo;assembl\u00e9e g\u00e9n\u00e9rale sera le lundi 05janvier (nous recherchons un, une administrateur pour notre site) Contacts \/ Renseignements : Jean &#8211; louis De la Hermosa 04 70 56 52 58 \/ 07 80 01 22 26 &#8211; Michel Wangwah 06 03 49 79 25 Lieu des [&hellip;]","og_url":"https:\/\/entreterreetcielgannat.fr\/index.php\/contacts-et-inscription\/","og_site_name":"ENTRE TERRE ET CIEL GANNAT","article_modified_time":"2025-09-16T11:26:47+00:00","twitter_card":"summary_large_image","twitter_misc":{"Dur\u00e9e de lecture estim\u00e9e":"5 minutes"},"schema":{"@context":"https:\/\/schema.org","@graph":[{"@type":"WebPage","@id":"https:\/\/entreterreetcielgannat.fr\/index.php\/contacts-et-inscription\/","url":"https:\/\/entreterreetcielgannat.fr\/index.php\/contacts-et-inscription\/","name":"Contacts - Inscription - Informations sur les cours et autres ... - ENTRE TERRE ET CIEL GANNAT","isPartOf":{"@id":"https:\/\/entreterreetcielgannat.fr\/#website"},"datePublished":"2023-08-23T19:15:19+00:00","dateModified":"2025-09-16T11:26:47+00:00","breadcrumb":{"@id":"https:\/\/entreterreetcielgannat.fr\/index.php\/contacts-et-inscription\/#breadcrumb"},"inLanguage":"fr-FR","potentialAction":[{"@type":"ReadAction","target":["https:\/\/entreterreetcielgannat.fr\/index.php\/contacts-et-inscription\/"]}]},{"@type":"BreadcrumbList","@id":"https:\/\/entreterreetcielgannat.fr\/index.php\/contacts-et-inscription\/#breadcrumb","itemListElement":[{"@type":"ListItem","position":1,"name":"Accueil","item":"https:\/\/entreterreetcielgannat.fr\/"},{"@type":"ListItem","position":2,"name":"Contacts &#8211; Inscription &#8211; Informations sur les cours et autres &#8230;"}]},{"@type":"WebSite","@id":"https:\/\/entreterreetcielgannat.fr\/#website","url":"https:\/\/entreterreetcielgannat.fr\/","name":"entreterreetcielgannat.fr","description":"Pratique du Qi Gong et du Tai Chi pour un mieux \u00eatre","publisher":{"@id":"https:\/\/entreterreetcielgannat.fr\/#organization"},"potentialAction":[{"@type":"SearchAction","target":{"@type":"EntryPoint","urlTemplate":"https:\/\/entreterreetcielgannat.fr\/?s={search_term_string}"},"query-input":{"@type":"PropertyValueSpecification","valueRequired":true,"valueName":"search_term_string"}}],"inLanguage":"fr-FR"},{"@type":"Organization","@id":"https:\/\/entreterreetcielgannat.fr\/#organization","name":"Entre terre et ciel","url":"https:\/\/entreterreetcielgannat.fr\/","logo":{"@type":"ImageObject","inLanguage":"fr-FR","@id":"https:\/\/entreterreetcielgannat.fr\/#\/schema\/logo\/image\/","url":"http:\/\/entreterreetcielgannat.fr\/wp-content\/uploads\/2023\/09\/Capture-decran-2023-09-16-a-16.53.19.png","contentUrl":"http:\/\/entreterreetcielgannat.fr\/wp-content\/uploads\/2023\/09\/Capture-decran-2023-09-16-a-16.53.19.png","width":418,"height":358,"caption":"Entre terre et ciel"},"image":{"@id":"https:\/\/entreterreetcielgannat.fr\/#\/schema\/logo\/image\/"}}]}},"_links":{"self":[{"href":"https:\/\/entreterreetcielgannat.fr\/index.php\/wp-json\/wp\/v2\/pages\/51","targetHints":{"allow":["GET"]}}],"collection":[{"href":"https:\/\/entreterreetcielgannat.fr\/index.php\/wp-json\/wp\/v2\/pages"}],"about":[{"href":"https:\/\/entreterreetcielgannat.fr\/index.php\/wp-json\/wp\/v2\/types\/page"}],"author":[{"embeddable":true,"href":"https:\/\/entreterreetcielgannat.fr\/index.php\/wp-json\/wp\/v2\/users\/1"}],"replies":[{"embeddable":true,"href":"https:\/\/entreterreetcielgannat.fr\/index.php\/wp-json\/wp\/v2\/comments?post=51"}],"version-history":[{"count":29,"href":"https:\/\/entreterreetcielgannat.fr\/index.php\/wp-json\/wp\/v2\/pages\/51\/revisions"}],"predecessor-version":[{"id":535,"href":"https:\/\/entreterreetcielgannat.fr\/index.php\/wp-json\/wp\/v2\/pages\/51\/revisions\/535"}],"wp:attachment":[{"href":"https:\/\/entreterreetcielgannat.fr\/index.php\/wp-json\/wp\/v2\/media?parent=51"}],"curies":[{"name":"wp","href":"https:\/\/api.w.org\/{rel}","templated":true}]}}